{"id":7862,"date":"2026-02-28T13:55:08","date_gmt":"2026-02-28T12:55:08","guid":{"rendered":"https:\/\/tunelockr.com\/?page_id=7862"},"modified":"2026-02-28T14:00:16","modified_gmt":"2026-02-28T13:00:16","slug":"elementor-7862","status":"publish","type":"page","link":"https:\/\/tunelockr.com\/en\/elementor-7862\/","title":{"rendered":"D\u00e9poser une cr\u00e9ation musicale"},"content":{"rendered":"<div data-elementor-type=\"wp-page\" data-elementor-id=\"7862\" class=\"elementor elementor-7862\">\n\t\t\t\t<div class=\"elementor-element elementor-element-4d6e34d e-flex e-con-boxed e-con e-parent\" data-id=\"4d6e34d\" data-element_type=\"container\" data-settings=\"{&quot;content_width&quot;:&quot;boxed&quot;}\" data-core-v316-plus=\"true\">\n\t\t\t\t\t<div class=\"e-con-inner\">\n\t\t\t\t<div class=\"elementor-element elementor-element-bc12f53 elementor-widget elementor-widget-html\" data-id=\"bc12f53\" data-element_type=\"widget\" data-widget_type=\"html.default\">\n\t\t\t\t<div class=\"elementor-widget-container\">\n\t\t\t<!-- TuneLockr APP Home (BODY ONLY) \u2014 Elementor HTML widget -->\n<style>\n\/* =========================\n  TL APP HOME (Elementor)\n  - Pas de header\/footer\n  - S'int\u00e8gre sous ton bloc \"Bonjour ...\"\n  - Scoped: .tlhome (\u00e9vite les conflits Elementor)\n========================== *\/\n.tlhome{\n  --bg0:#070707;\n  --bg1:#0b0b0b;\n  --card:rgba(255,255,255,.05);\n  --line:rgba(255,255,255,.12);\n  --ink:#f5f5f5;\n  --muted:rgba(245,245,245,.78);\n  --muted2:rgba(245,245,245,.62);\n  --accent:#ff9a3d;\n  --shadow:0 12px 32px rgba(0,0,0,.55);\n  --radius:16px;\n  --radius2:22px;\n  --mono: ui-monospace, SFMono-Regular, Menlo, Monaco, Consolas, \"Liberation Mono\", \"Courier New\", monospace;\n  --sans: ui-sans-serif, system-ui, -apple-system, Segoe UI, Roboto, Helvetica, Arial, \"Apple Color Emoji\",\"Segoe UI Emoji\";\n  font-family:var(--sans);\n  color:var(--ink);\n}\n\n.tlhome *{box-sizing:border-box}\n.tlhome a{color:var(--ink); text-decoration:none}\n.tlhome a:hover{text-decoration:underline; opacity:.96}\n\n.tlhome .wrap{\n  max-width:1100px;\n  margin:0 auto;\n  padding:14px 8px 6px;\n}\n\n\/* --- CTA Band --- *\/\n.tlhome .ctaBand{\n  position:relative;\n  display:grid;\n  grid-template-columns: 1.1fr .9fr;\n  gap:16px;\n  padding:16px;\n  border-radius: var(--radius2);\n  border:1px solid rgba(255,255,255,.10);\n  background: linear-gradient(180deg, rgba(255,154,61,.08), rgba(255,255,255,.02));\n  overflow:hidden;\n}\n.tlhome .ctaBand:before{\n  content:\"\";\n  position:absolute; inset:-45%;\n  background:\n    radial-gradient(circle at 22% 18%, rgba(255,154,61,.18), transparent 58%),\n    radial-gradient(circle at 88% 6%, rgba(255,255,255,.07), transparent 60%);\n  transform: rotate(8deg);\n  pointer-events:none;\n}\n@media (max-width: 980px){ .tlhome .ctaBand{grid-template-columns:1fr;} }\n\n.tlhome .ctaLeft{position:relative; padding:8px;}\n.tlhome .ctaTitle{\n  margin:0 0 6px;\n  font-size:20px;\n  font-weight:850;\n  letter-spacing:.2px;\n}\n.tlhome .accent{color:var(--accent)}\n.tlhome .ctaSub{\n  margin:0;\n  color:var(--muted);\n  font-size:13.5px;\n  line-height:1.5;\n}\n.tlhome .ctaBtns{\n  margin-top:12px;\n  display:flex;\n  gap:10px;\n  flex-wrap:wrap;\n  align-items:center;\n}\n\n.tlhome .btnPrimary{\n  display:inline-flex; align-items:center; justify-content:center;\n  padding:10px 14px;\n  border-radius:14px;\n  background:linear-gradient(135deg,#1E1E1E,#2C2C2C);\n  border:1px solid rgba(255,255,255,.15);\n  box-shadow:0 10px 22px rgba(0,0,0,.55), 0 0 26px rgba(255,255,255,.06);\n  font-weight:800;\n  transition:.18s ease;\n}\n.tlhome .btnPrimary:hover{transform:translateY(-2px); text-decoration:none}\n\n.tlhome .btnGhost{\n  display:inline-flex; align-items:center; justify-content:center;\n  padding:10px 14px;\n  border-radius:14px;\n  background:rgba(255,255,255,.04);\n  border:1px solid rgba(255,255,255,.16);\n  transition:.18s ease;\n}\n.tlhome .btnGhost:hover{transform:translateY(-2px); text-decoration:none; background:rgba(255,255,255,.06)}\n\n.tlhome .pillRow{\n  margin-top:12px;\n  display:flex;\n  gap:10px;\n  flex-wrap:wrap;\n}\n.tlhome .pill{\n  display:inline-flex; align-items:center; gap:8px;\n  padding:8px 11px;\n  border-radius:999px;\n  border:1px solid rgba(255,255,255,.12);\n  background:rgba(255,255,255,.04);\n  color:var(--muted);\n  font-size:12px;\n  white-space:nowrap;\n}\n.tlhome .dot{\n  width:8px; height:8px; border-radius:999px;\n  background:var(--accent);\n  display:inline-block;\n}\n\n\/* --- Drop card --- *\/\n.tlhome .dropCard{\n  position:relative;\n  border-radius:var(--radius);\n  border:1px solid rgba(255,255,255,.12);\n  background:rgba(0,0,0,.20);\n  box-shadow:0 14px 30px rgba(0,0,0,.45);\n}\n.tlhome .dropInner{padding:16px;}\n.tlhome .dropIcon{font-size:22px}\n.tlhome .dropTitle{\n  margin:8px 0 0;\n  font-weight:900;\n  font-size:14px;\n}\n.tlhome .dropText{\n  margin:6px 0 0;\n  color:var(--muted);\n  font-size:12.5px;\n  line-height:1.45;\n}\n.tlhome .dropActions{\n  margin-top:12px;\n  display:flex;\n  gap:10px;\n  flex-wrap:wrap;\n  align-items:center;\n}\n.tlhome .btnLight{\n  display:inline-flex; align-items:center; justify-content:center;\n  padding:9px 12px;\n  border-radius:12px;\n  border:1px solid rgba(255,255,255,.20);\n  background:rgba(255,255,255,.05);\n  color:var(--ink);\n  transition:.18s ease;\n  cursor:pointer;\n}\n.tlhome .btnLight:hover{transform:translateY(-1px); filter:brightness(1.05); text-decoration:none}\n.tlhome .btnLink{\n  font-size:12.5px;\n  color:var(--ink);\n  opacity:.9;\n}\n.tlhome .btnLink:hover{opacity:1; text-decoration:underline}\n.tlhome .dropHint{\n  margin:12px 0 0;\n  color:var(--muted2);\n  font-size:12px;\n  line-height:1.45;\n}\n\n\/* --- Quick Actions --- *\/\n.tlhome .grid4{\n  margin-top:16px;\n  display:grid;\n  gap:12px;\n  grid-template-columns: repeat(4, minmax(0,1fr));\n}\n@media (max-width: 980px){ .tlhome .grid4{grid-template-columns:1fr 1fr;} }\n@media (max-width: 560px){ .tlhome .grid4{grid-template-columns:1fr;} }\n\n.tlhome .actionCard{\n  display:block;\n  padding:14px;\n  border-radius:var(--radius);\n  background:var(--card);\n  border:1px solid var(--line);\n  transition:.2s ease;\n}\n.tlhome .actionCard:hover{transform:translateY(-2px); box-shadow:var(--shadow); text-decoration:none}\n.tlhome .actionTop{display:flex; align-items:center; gap:10px;}\n.tlhome .actionIcon{font-size:18px}\n.tlhome .chip{\n  margin-left:auto;\n  font-size:11px;\n  padding:4px 8px;\n  border-radius:999px;\n  border:1px solid rgba(255,255,255,.14);\n  background:rgba(255,255,255,.04);\n  color:var(--muted);\n}\n.tlhome .actionTitle{margin:10px 0 4px; font-size:14px; font-weight:900;}\n.tlhome .actionText{margin:0; color:var(--muted); font-size:12.5px; line-height:1.45;}\n.tlhome .actionGo{display:inline-block; margin-top:10px; font-weight:800; font-size:12.5px; opacity:.92;}\n\n.tlhome .actionCard.accentCard{\n  border-color: rgba(255,154,61,.45);\n  background: linear-gradient(180deg, rgba(255,154,61,.08), rgba(255,255,255,.03));\n}\n\n\/* --- Two columns zone --- *\/\n.tlhome .twoCols{\n  margin-top:16px;\n  display:grid;\n  grid-template-columns: 1.1fr .9fr;\n  gap:12px;\n}\n@media (max-width: 980px){ .tlhome .twoCols{grid-template-columns:1fr;} }\n\n.tlhome .card{\n  background:var(--card);\n  border:1px solid var(--line);\n  border-radius:var(--radius);\n  padding:16px;\n  transition:.2s ease;\n}\n.tlhome .card:hover{transform:translateY(-2px); box-shadow:var(--shadow);}\n.tlhome .cardHead{\n  display:flex; align-items:center; justify-content:space-between; gap:10px;\n  margin-bottom:10px;\n}\n.tlhome .cardTitle{margin:0; font-size:13px; font-weight:900; letter-spacing:.2px;}\n.tlhome .cardLink{color:var(--muted); font-size:12.5px;}\n.tlhome .cardLink:hover{color:var(--ink); text-decoration:underline}\n\n\/* List rows *\/\n.tlhome .list{display:flex; flex-direction:column; gap:10px;}\n.tlhome .row{\n  display:flex; gap:12px; align-items:center; justify-content:space-between;\n  padding:12px;\n  border-radius:14px;\n  border:1px solid rgba(255,255,255,.12);\n  background: rgba(0,0,0,.16);\n  transition:.18s ease;\n}\n.tlhome .row:hover{transform:translateY(-1px); background: rgba(255,255,255,.04); text-decoration:none}\n.tlhome .rowTitle{font-weight:900; font-size:13.5px; margin:0 0 4px;}\n.tlhome .rowMeta{display:flex; gap:10px; flex-wrap:wrap; color:var(--muted); font-size:12px;}\n.tlhome .mini{display:inline-flex; align-items:center; gap:6px;}\n.tlhome .mono{font-family:var(--mono); font-size:12px; line-height:1.45;}\n.tlhome .rowRight{display:flex; gap:10px; align-items:center;}\n.tlhome .rowArrow{font-weight:1000; opacity:.9;}\n\n.tlhome .status{\n  font-size:11.5px;\n  padding:6px 10px;\n  border-radius:999px;\n  border:1px solid rgba(255,255,255,.14);\n  background: rgba(255,255,255,.04);\n  color: var(--muted);\n  white-space:nowrap;\n}\n.tlhome .status.ok{border-color: rgba(255,154,61,.35); background: rgba(255,154,61,.10); color: var(--ink);}\n.tlhome .status.warn{opacity:.95;}\n\n\/* Value band (reprend vibe certificat) *\/\n.tlhome .valueBand{\n  padding:16px 14px;\n  border-radius:var(--radius);\n  background: linear-gradient(180deg, rgba(255,154,61,0.06), rgba(255,255,255,0.02));\n  border-top:1px solid rgba(255,255,255,0.08);\n  border-bottom:1px solid rgba(255,255,255,0.08);\n}\n.tlhome .valueText{color:var(--muted); font-size:13px; line-height:1.5;}\n.tlhome .valueFoot{\n  display:flex; flex-wrap:wrap; gap:10px 18px;\n  font-size:12px; color:var(--muted);\n  margin-top:10px;\n}\n.tlhome .check{\n  width:18px; height:18px; border-radius:6px;\n  background:rgba(255,154,61,.12);\n  border:1px solid rgba(255,154,61,.35);\n  display:inline-flex; align-items:center; justify-content:center;\n  color:var(--accent);\n  font-weight:900;\n  font-size:12px;\n  margin-right:6px;\n}\n\n\/* KV *\/\n.tlhome .hr{height:1px; background:rgba(255,255,255,.10); margin:14px 0;}\n.tlhome .kv{\n  display:grid;\n  grid-template-columns: 150px 1fr;\n  gap:10px 12px;\n  font-size:13px;\n  line-height:1.35;\n}\n@media (max-width: 560px){ .tlhome .kv{grid-template-columns:1fr;} }\n.tlhome .k{color:var(--muted2)}\n.tlhome .v{color:var(--ink); word-break:break-word}\n\n.tlhome .miniActions{display:flex; gap:10px; flex-wrap:wrap; margin-top:12px;}\n<\/style>\n\n<div class=\"tlhome\">\n  <div class=\"wrap\">\n\n    <!-- CTA BAND (sous ton \"Bonjour ...\") -->\n    <section class=\"ctaBand\" aria-label=\"D\u00e9poser rapidement\">\n      <div class=\"ctaLeft\">\n        <h2 class=\"ctaTitle\">D\u00e9poser une cr\u00e9ation en <span class=\"accent\">2 minutes<\/span><\/h2>\n        <p class=\"ctaSub\">\n          Audio, paroles, partitions, textes, maquettes, stems\u2026 D\u00e9posez, horodatez, t\u00e9l\u00e9chargez votre certificat.\n        <\/p>\n\n        <div class=\"ctaBtns\">\n          <a class=\"btnPrimary\" href=\"\/en\/deposit\/new\/\">+ Nouveau d\u00e9p\u00f4t<\/a>\n          <a class=\"btnGhost\" href=\"\/en\/verify\/\">V\u00e9rifier un certificat<\/a>\n        <\/div>\n\n        <div class=\"pillRow\" aria-label=\"Garanties\">\n          <span class=\"pill\"><span class=\"dot\"><\/span> Horodatage<\/span>\n          <span class=\"pill\"><span class=\"dot\"><\/span> Hash v\u00e9rifi\u00e9<\/span>\n          <span class=\"pill\"><span class=\"dot\"><\/span> Ancrage Tezos<\/span>\n          <span class=\"pill\"><span class=\"dot\"><\/span> Preuve exploitable<\/span>\n        <\/div>\n      <\/div>\n\n      <div class=\"dropCard\" aria-label=\"D\u00e9p\u00f4t rapide\">\n        <div class=\"dropInner\">\n          <div class=\"dropIcon\" aria-hidden=\"true\">\ud83d\udcc1<\/div>\n          <p class=\"dropTitle\">Glissez-d\u00e9posez un fichier<\/p>\n          <p class=\"dropText\">MP3, WAV, ZIP, PDF, TXT, projet MAO\u2026<\/p>\n\n          <div class=\"dropActions\">\n            <!-- Elementor: bouton visuel (remplace par ton input r\u00e9el si besoin) -->\n            <a class=\"btnLight\" href=\"\/en\/deposit\/new\/\">Choisir un fichier<\/a>\n            <a class=\"btnLink\" href=\"\/en\/deposit\/new\/\">Ou remplir le formulaire \u2192<\/a>\n          <\/div>\n\n          <p class=\"dropHint\">\n            Vos fichiers restent priv\u00e9s. Seule l\u2019empreinte (hash) est ancr\u00e9e pour la preuve.\n          <\/p>\n        <\/div>\n      <\/div>\n    <\/section>\n\n    <!-- ACTIONS RAPIDES -->\n    <section class=\"grid4\" aria-label=\"Actions rapides\">\n      <a class=\"actionCard\" href=\"\/en\/deposit\/new\/?type=audio\">\n        <div class=\"actionTop\">\n          <span class=\"actionIcon\">\ud83c\udfb5<\/span>\n          <span class=\"chip\">Audio<\/span>\n        <\/div>\n        <h3 class=\"actionTitle\">D\u00e9poser une musique<\/h3>\n        <p class=\"actionText\">Single, beat, instru, d\u00e9mo, stems\u2026<\/p>\n        <span class=\"actionGo\">Continuer \u2192<\/span>\n      <\/a>\n\n      <a class=\"actionCard\" href=\"\/en\/deposit\/new\/?type=lyrics\">\n        <div class=\"actionTop\">\n          <span class=\"actionIcon\">\ud83d\udcdd<\/span>\n          <span class=\"chip\">Texte<\/span>\n        <\/div>\n        <h3 class=\"actionTitle\">D\u00e9poser paroles \/ texte<\/h3>\n        <p class=\"actionText\">Paroles, po\u00e8mes, scripts, descriptions.<\/p>\n        <span class=\"actionGo\">Continuer \u2192<\/span>\n      <\/a>\n\n      <a class=\"actionCard\" href=\"\/en\/deposit\/new\/?type=project\">\n        <div class=\"actionTop\">\n          <span class=\"actionIcon\">\ud83c\udf9b\ufe0f<\/span>\n          <span class=\"chip\">Projet<\/span>\n        <\/div>\n        <h3 class=\"actionTitle\">D\u00e9poser projet \/ session<\/h3>\n        <p class=\"actionText\">ZIP, projet MAO, exports, versions.<\/p>\n        <span class=\"actionGo\">Continuer \u2192<\/span>\n      <\/a>\n\n      <a class=\"actionCard accentCard\" href=\"\/en\/verify\/\">\n        <div class=\"actionTop\">\n          <span class=\"actionIcon\">\ud83d\udd0e<\/span>\n          <span class=\"chip\">V\u00e9rif<\/span>\n        <\/div>\n        <h3 class=\"actionTitle\">V\u00e9rifier un certificat<\/h3>\n        <p class=\"actionText\">Contr\u00f4lez un hash, un ID ou un ancrage.<\/p>\n        <span class=\"actionGo\">Ouvrir \u2192<\/span>\n      <\/a>\n    <\/section>\n\n    <!-- BIBLIOTH\u00c8QUE + STATUT -->\n    <section class=\"twoCols\" aria-label=\"Biblioth\u00e8que et statut\">\n      <!-- Derniers d\u00e9p\u00f4ts -->\n      <div class=\"card\">\n        <div class=\"cardHead\">\n          <h3 class=\"cardTitle\">Derni\u00e8res cr\u00e9ations<\/h3>\n          <a class=\"cardLink\" href=\"\/en\/creations\/\">Voir tout \u2192<\/a>\n        <\/div>\n\n        <div class=\"list\">\n          <!-- Remplace ces rows par ta loop dynamique -->\n          <a class=\"row\" href=\"\/en\/creations\/123\/\">\n            <div class=\"rowMain\">\n              <div class=\"rowTitle\">Midnight Bounce (v3)<\/div>\n              <div class=\"rowMeta\">\n                <span class=\"mini\">\ud83c\udfb5 Audio<\/span>\n                <span class=\"mini mono\">ID: TL-8F2A<\/span>\n                <span class=\"mini\">\u26d3 Bloc #4218932<\/span>\n              <\/div>\n            <\/div>\n            <div class=\"rowRight\">\n              <span class=\"status ok\">\u2705 Valide<\/span>\n              <span class=\"rowArrow\">\u2192<\/span>\n            <\/div>\n          <\/a>\n\n          <a class=\"row\" href=\"\/en\/creations\/124\/\">\n            <div class=\"rowMain\">\n              <div class=\"rowTitle\">Paroles \u2014 \u201cRivages\u201d<\/div>\n              <div class=\"rowMeta\">\n                <span class=\"mini\">\ud83d\udcdd Texte<\/span>\n                <span class=\"mini mono\">ID: TL-9C11<\/span>\n                <span class=\"mini\">\ud83d\udcc4 Certificat pr\u00eat<\/span>\n              <\/div>\n            <\/div>\n            <div class=\"rowRight\">\n              <span class=\"status ok\">\u2705 Valide<\/span>\n              <span class=\"rowArrow\">\u2192<\/span>\n            <\/div>\n          <\/a>\n\n          <a class=\"row\" href=\"\/en\/creations\/125\/\">\n            <div class=\"rowMain\">\n              <div class=\"rowTitle\">Beatpack \u2014 \u201cORANGE KIT\u201d<\/div>\n              <div class=\"rowMeta\">\n                <span class=\"mini\">\ud83c\udf9b\ufe0f Projet<\/span>\n                <span class=\"mini mono\">ID: TL-0A77<\/span>\n                <span class=\"mini\">\ud83d\udd12 Hash v\u00e9rifi\u00e9<\/span>\n              <\/div>\n            <\/div>\n            <div class=\"rowRight\">\n              <span class=\"status warn\">\u23f3 En cours<\/span>\n              <span class=\"rowArrow\">\u2192<\/span>\n            <\/div>\n          <\/a>\n        <\/div>\n      <\/div>\n\n      <!-- Statut & confiance -->\n      <div class=\"card\">\n        <div class=\"cardHead\">\n          <h3 class=\"cardTitle\">Statut & confiance<\/h3>\n        <\/div>\n\n        <div class=\"valueBand\">\n          <div class=\"valueText\">\n            Une preuve d\u2019ant\u00e9riorit\u00e9 horodat\u00e9e et v\u00e9rifiable, accessible \u00e0 tout moment.\n          <\/div>\n          <div class=\"valueFoot\">\n            <span><span class=\"check\">\u2713<\/span> Certificat exploitable<\/span>\n            <span><span class=\"check\">\u2713<\/span> Ancrage public<\/span>\n            <span><span class=\"check\">\u2713<\/span> Secure storage<\/span>\n            <span><span class=\"check\">\u2713<\/span> Protection \u00e0 vie<\/span>\n          <\/div>\n        <\/div>\n\n        <div class=\"hr\"><\/div>\n\n        <div class=\"kv\">\n          <div class=\"k\">Dernier d\u00e9p\u00f4t<\/div><div class=\"v\">Il y a 2 jours<\/div>\n          <div class=\"k\">Plan<\/div><div class=\"v\"><strong>Starter<\/strong> \u2022 Premier d\u00e9p\u00f4t offert<\/div>\n          <div class=\"k\">Certificats<\/div><div class=\"v\">T\u00e9l\u00e9chargeables en PDF<\/div>\n          <div class=\"k\">R\u00e9seau<\/div><div class=\"v\">Tezos \u2022 faible empreinte carbone<\/div>\n        <\/div>\n\n        <div class=\"hr\"><\/div>\n\n        <div class=\"miniActions\">\n          <a class=\"btnLight\" href=\"\/en\/creations\/\">Ouvrir la biblioth\u00e8que<\/a>\n          <a class=\"btnLight\" href=\"\/en\/help\/\">Centre d\u2019aide<\/a>\n        <\/div>\n      <\/div>\n    <\/section>\n\n  <\/div>\n<\/div>\t\t<\/div>\n\t\t\t\t<\/div>\n\t\t\t\t\t<\/div>\n\t\t\t\t<\/div>\n\t\t\t\t<\/div>","protected":false},"excerpt":{"rendered":"<p>D\u00e9poser une cr\u00e9ation en 2 minutes Audio, paroles, partitions, textes, maquettes, stems\u2026 D\u00e9posez, horodatez, t\u00e9l\u00e9chargez votre certificat. + Nouveau d\u00e9p\u00f4t V\u00e9rifier un certificat Horodatage Hash v\u00e9rifi\u00e9 Ancrage Tezos Preuve exploitable \ud83d\udcc1 Glissez-d\u00e9posez un fichier MP3, WAV, ZIP, PDF, TXT, projet MAO\u2026 Choisir un fichier Ou remplir le formulaire \u2192 Vos fichiers restent priv\u00e9s. Seule l\u2019empreinte [&hellip;]<\/p>\n","protected":false},"author":1,"featured_media":0,"parent":0,"menu_order":0,"comment_status":"closed","ping_status":"closed","template":"","meta":{"footnotes":""},"class_list":["post-7862","page","type-page","status-publish","hentry"],"_links":{"self":[{"href":"https:\/\/tunelockr.com\/en\/wp-json\/wp\/v2\/pages\/7862","targetHints":{"allow":["GET"]}}],"collection":[{"href":"https:\/\/tunelockr.com\/en\/wp-json\/wp\/v2\/pages"}],"about":[{"href":"https:\/\/tunelockr.com\/en\/wp-json\/wp\/v2\/types\/page"}],"author":[{"embeddable":true,"href":"https:\/\/tunelockr.com\/en\/wp-json\/wp\/v2\/users\/1"}],"replies":[{"embeddable":true,"href":"https:\/\/tunelockr.com\/en\/wp-json\/wp\/v2\/comments?post=7862"}],"version-history":[{"count":7,"href":"https:\/\/tunelockr.com\/en\/wp-json\/wp\/v2\/pages\/7862\/revisions"}],"predecessor-version":[{"id":7870,"href":"https:\/\/tunelockr.com\/en\/wp-json\/wp\/v2\/pages\/7862\/revisions\/7870"}],"wp:attachment":[{"href":"https:\/\/tunelockr.com\/en\/wp-json\/wp\/v2\/media?parent=7862"}],"curies":[{"name":"wp","href":"https:\/\/api.w.org\/{rel}","templated":true}]}}